{"id":2265,"date":"2022-08-18T14:05:34","date_gmt":"2022-08-18T12:05:34","guid":{"rendered":"https:\/\/2024.hackyeah.pl\/she-hacks\/"},"modified":"2024-09-23T21:54:36","modified_gmt":"2024-09-23T19:54:36","slug":"she-hacks","status":"publish","type":"page","link":"https:\/\/2024.hackyeah.pl\/pl\/she-hacks\/","title":{"rendered":"She Hacks"},"content":{"rendered":"<div data-label=\"About\" data-id=\"about--1\" data-export-id=\"about-8\" data-category=\"about\" class=\"about-8 content-section content-section-spacing\" id=\"about\" style=\"\">\r\n<div  class=\"big_text animated zoomIn duration3 eds-on-scroll \">SHE HACKS<\/div>\r\n<div  class=\"gridContainer\">\r\n<div  class=\"fluid\">\r\n<div  class=\"row middle-sm text-center\">\r\n<div  class=\"col-md-12\">\r\n\r\n<div class=\"wrapper\">\r\n  <h2 class=\"glitch-shehacks\">SHE HACKS<\/h2>\r\n<\/div>\r\n\r\n\t<div class=\"col-md-12 row\">\r\n\t\t<p class=\"text-left page_text\">\r\n\t\t\t<span style=\"color: #e80081\">She Hacks<\/span> o inicjatywa promuj\u0105ca obecno\u015b\u0107 kobiet w bran\u017cy IT. Chcemy udowodni\u0107, \u017ce na rynku nowych technologii jest miejsce dla ka\u017cdego \u2013 bez wzgl\u0119du na p\u0142e\u0107, kolor sk\u00f3ry czy kultur\u0119. Ka\u017cdy, kto solidnie wykonuje swoj\u0105 prac\u0119, zas\u0142uguje na taki sam szacunek, wynagrodzenie i warunki pracy.\r\n\r\n<br><br>\r\n\t\t\tPodczas <span style=\"color: #02bcc1\">HackYeah<\/span> chcemy stworzy\u0107 komfortowe \u015brodowisko do pracy, nauki i zabawy \u2013 <strong>da\u0107 kobietom przestrze\u0144, w kt\u00f3rej b\u0119d\u0105 mog\u0142y realizowa\u0107 swoje pasje i prezentowa\u0107 umiej\u0119tno\u015bci<\/strong>.\r\n.\r\n<br><br>\r\nW HackYeah 2023 wzi\u0119\u0142o udzia\u0142 a\u017c <strong>750 kobiet<\/strong> co stanowi <strong>25% wszystkich uczestnik\u00f3w<\/strong>. Jeste\u015bmy si\u0142\u0105, kt\u00f3ra wci\u0105\u017c ro\u015bnie i si\u0119 rozwija!\r\n<\/p>\r\n<br><br>\r\n\r\n<h2 class=\"task_name text-left\">Dlaczego warto wzi\u0105\u0107 udzia\u0142 w HackYeah?<\/h2>\r\n<p class=\"text-left page_text\">\r\nJak pewnie nie wiesz \u2013 HackYeah jest organizowany g\u0142\u00f3wnie przez kobiety. Dbamy o to, aby hackathon by\u0142 bezpiecznym miejscem dla wszystkich uczestnik\u00f3w. Uwielbiamy r\u00f3\u017cnorodno\u015b\u0107 i zawsze jeste\u015bmy otwarci na nowe pomys\u0142y. Je\u015bli chcesz stworzy\u0107 z nami <span style=\"color: #02bcc1\">przyjazne \u015brodowisko<\/span> w kt\u00f3rym ka\u017cdy b\u0119dzie mia\u0142 takie same szanse na rozw\u00f3j, koniecznie do\u0142\u0105cz do grona <span style=\"color: #e80081\">Ambasadorek She Hacks! <\/span>\r\n<br><br>\r\nJe\u015bli jeste\u015b cz\u0142onkiem spo\u0142eczno\u015bci zaanga\u017cowanej w promowanie widoczno\u015bci kobiet w IT, dzia\u0142asz w organizacji studenckiej i chcesz wyci\u0105gn\u0105\u0107 swoje BFF na hackathon lub po prostu kodujesz dla \u017cycia i chcesz podj\u0105\u0107 nasze wyzwanie razem ze swoimi najlepszymi przyjaci\u00f3\u0142kami, to <strong>nie zwlekaj i wype\u0142nij formularz ju\u017c dzi\u015b!<\/strong>\r\n<br><br>\r\n\tDla ka\u017cdej <span style=\"color: #e80081\">Ambasadorki 2023<\/span> przygotowali\u015bmy <span style=\"color: #02bcc1\">10 bezp\u0142atnych bilet\u00f3w podstawowych, komplet materia\u0142\u00f3w o HackYeah 2024, koszulk\u0119 oraz miejsce na stronie internetowej<\/span>. <br>\r\nWype\u0142nij poni\u017cszy formularz i daj nam zna\u0107, \u017ce jeste\u015b zainteresowana!\r\n<\/p>\r\n<br><br>\r\n\t<\/div>\r\n\t<!--[wpforms id=\"2685\"] -->\r\n\t<br><br>\r\n\t\t<!-- GALERIA [ngg src=\"galleries\" ids=\"1\" display=\"basic_thumbnail\" thumbnail_crop=\"0\"]-->\r\n<h2 class=\"task_name text-left\">Ambassagirls 2024<\/h2>\r\n\r\n<div class=\"col-md-12 \">\t<!-- row justify-content-between -->\r\n\t<div class=\"eventory-speakers\" data-event-id=\"5176\" data-bio-url=\"\/bio_she_hacks\" data-lecture-url=\"\" data-public-key=\"5176.RNyqHsL6Z1wfVIZsiqWAXt7wAdU\"><\/div>\r\n\r\n<\/div>\r\n\t\t<div class=\"col-md-12 col-sm-12 \">\r\n<div class=\"eventory-partners\" data-event-id=\"5176\" style=\"margin-bottom: 60px!important; margin: auto;\" data-public-key=\"5176.RNyqHsL6Z1wfVIZsiqWAXt7wAdU\"><\/div>\r\n<\/div>\r\n\r\n\t<h2 class=\"task_name text-left\">Want to know more?<\/h2>\r\n\t<p class=\"text-left page_text\">\r\n\tCzy masz pomys\u0142y, jak ulepszy\u0107 HackYeah? <span style=\"color: #e80081\">Napisz do mnie!<\/span>\r\n\t<\/p>\r\n\t<div class=\"col-md-12\">\r\n\t\t<div class=\"col-md-3\">\r\n\t\t<li class=\"evtr-speaker evtr-no-bio\">\r\n\t\t<div class=\"zdjecie\">\r\n\t\t\t<img loading=\"lazy\" decoding=\"async\" class=\"evtr-photo\" src=\"\/wp-content\/uploads\/2023\/03\/tomaszi.jpg\" alt=\"Paulina Tomaszewska\" title=\"Paulina Tomaszewska\" width=\"500\" height=\"500\">\r\n\t\t<\/div>\r\n<div class=\"name_container\">\r\n  <div class=\"nazwisko\"><span class=\"evtr-first-name\">Paulina<\/span>\r\n  <span class=\"evtr-last-name\">Tomaszewska<\/span><\/div>\r\n  <span class=\"evtr-company\">paulina.tomaszewska [@] proidea.org.pl<\/span>\r\n  \r\n  <\/div>\r\n<\/li>\r\n\t\t\r\n\t<\/div>\t\r\n\t<\/div>\r\n\t\r\n\t\t\r\n<\/div>\r\n<\/div>\r\n<\/div>\r\n<\/div>\r\n<\/div>\t","protected":false},"excerpt":{"rendered":"<p>SHE HACKS SHE HACKS She Hacks o inicjatywa promuj\u0105ca obecno\u015b\u0107 kobiet w bran\u017cy IT. Chcemy udowodni\u0107, \u017ce na rynku nowych technologii jest miejsce dla ka\u017cdego \u2013 bez wzgl\u0119du na p\u0142e\u0107, kolor sk\u00f3ry czy kultur\u0119. Ka\u017cdy, kto solidnie wykonuje swoj\u0105 prac\u0119, zas\u0142uguje na taki sam szacunek, wynagrodzenie i warunki pracy. Podczas HackYeah chcemy stworzy\u0107 komfortowe \u015brodowisko&hellip; <br \/> <a class=\"read-more\" href=\"https:\/\/2024.hackyeah.pl\/pl\/she-hacks\/\">Read more<\/a><\/p>\n","protected":false},"author":10,"featured_media":0,"parent":0,"menu_order":0,"comment_status":"closed","ping_status":"closed","template":"pro\/page-templates\/full-width-homepage-header.php","meta":{"ngg_post_thumbnail":0,"footnotes":""},"class_list":["post-2265","page","type-page","status-publish","hentry"],"_links":{"self":[{"href":"https:\/\/2024.hackyeah.pl\/pl\/wp-json\/wp\/v2\/pages\/2265","targetHints":{"allow":["GET"]}}],"collection":[{"href":"https:\/\/2024.hackyeah.pl\/pl\/wp-json\/wp\/v2\/pages"}],"about":[{"href":"https:\/\/2024.hackyeah.pl\/pl\/wp-json\/wp\/v2\/types\/page"}],"author":[{"embeddable":true,"href":"https:\/\/2024.hackyeah.pl\/pl\/wp-json\/wp\/v2\/users\/10"}],"replies":[{"embeddable":true,"href":"https:\/\/2024.hackyeah.pl\/pl\/wp-json\/wp\/v2\/comments?post=2265"}],"version-history":[{"count":12,"href":"https:\/\/2024.hackyeah.pl\/pl\/wp-json\/wp\/v2\/pages\/2265\/revisions"}],"predecessor-version":[{"id":3189,"href":"https:\/\/2024.hackyeah.pl\/pl\/wp-json\/wp\/v2\/pages\/2265\/revisions\/3189"}],"wp:attachment":[{"href":"https:\/\/2024.hackyeah.pl\/pl\/wp-json\/wp\/v2\/media?parent=2265"}],"curies":[{"name":"wp","href":"https:\/\/api.w.org\/{rel}","templated":true}]}}