{"id":2269,"date":"2022-08-24T09:51:33","date_gmt":"2022-08-24T07:51:33","guid":{"rendered":"https:\/\/2024.hackyeah.pl\/zostan-mentorem\/"},"modified":"2024-09-02T13:25:30","modified_gmt":"2024-09-02T11:25:30","slug":"become-a-mentor","status":"publish","type":"page","link":"https:\/\/2024.hackyeah.pl\/pl\/become-a-mentor\/","title":{"rendered":"Become a Mentor"},"content":{"rendered":"<div data-label=\"About\" data-id=\"about--1\" data-export-id=\"about-8\" data-category=\"about\" class=\"about-8 content-section content-section-spacing\" id=\"about\" style=\"\">\r\n<div class=\"big_text animated zoomIn duration3 eds-on-scroll \">ZOSTA\u0143 MENTOREM<\/div>\r\n<div class=\"gridContainer\">\r\n<div class=\"fluid\">\r\n<div class=\"row middle-sm text-center\">\r\n<div class=\"col-md-12\">\r\n\r\n<div class=\"wrapper\">\r\n  <h2 class=\"glitch-zostan\">ZOSTA\u0143 MENTOREM<\/h2>\r\n<\/div>\r\n\r\n<div class=\"col-md-12 row\">\r\n<h3 class=\"text-left\" id=\"marg-40\"><span>Do\u0142\u0105cz do nas!<\/span><\/h3><br>\r\n<p class=\"text-left page_text\">\r\nW ramach hackathonu og\u0142osili\u015bmy ju\u017c 6 otwartych zadania: <strong>ARTIFICIAL INTELLIGENCE<\/strong>, <strong>CYBERSECURITY<\/strong>,<strong> EDUCATION<\/strong>, <strong>GAMEDEV<\/strong>, <strong>FINANCE<\/strong> i <strong>WELLNESS &#038; ACTIVITIES<\/strong>. \r\n<br><br>\r\nTeraz szukamy os\u00f3b, kt\u00f3re pomog\u0105 uczestnikom przekszta\u0142ci\u0107 pomys\u0142y w ostateczny projekt.\r\n<br><br>\r\nMentorzy powinni udziela\u0107 wskaz\u00f3wek i porad, dzieli\u0107 si\u0119 wiedz\u0105 i do\u015bwiadczeniem z uczestnikami oraz zach\u0119ca\u0107 do dyskusji. S\u0105 wsparciem dla uczestnik\u00f3w, aby pom\u00f3c im wymy\u015bli\u0107 najlepsze mo\u017cliwe projekty.\r\n<br><br>\r\nW zamian za udzia\u0142 w roli mentora oferujemy publikacj\u0119 Twojego profilu (bio + zdj\u0119cie) na stronie internetowej i w mediach spo\u0142eczno\u015bciowych (w postach mo\u017cemy uwzgl\u0119dni\u0107 Tw\u00f3j LinkedIn, blog lub inn\u0105 platform\u0119, na kt\u00f3rej jeste\u015b aktywny).\r\n<br><br>\r\n<strong>Czy to Tw\u00f3j pierwszy mentoring? Nie martw si\u0119!<br>\r\nOtrzymasz od nas wsparcie i szkolenie.<\/strong>\r\n<br><br>\r\nKomunikacja mi\u0119dzy uczestnikami b\u0119dzie odbywa\u0107 si\u0119 g\u0142\u00f3wnie na miejscu w Krakowie, jednak istnieje mo\u017cliwo\u015b\u0107 pomocy poprzez aplikacj\u0119 Discord.\r\n<\/p>\r\n\r\n<\/div>\r\n<!--[wpforms id=\"1132\"]-->\r\n\t<div class=\"wpforms-container wpforms-container-full\" id=\"wpforms-3012\"><form id=\"wpforms-form-3012\" class=\"wpforms-validate wpforms-form wpforms-ajax-form\" data-formid=\"3012\" method=\"post\" enctype=\"multipart\/form-data\" action=\"\/pl\/wp-json\/wp\/v2\/pages\/2269\" data-token=\"45e1045bed556a5ecb91f2d1883b73fc\" data-token-time=\"1778905464\"><noscript class=\"wpforms-error-noscript\">Aby wype\u0142ni\u0107 ten formularz, w\u0142\u0105cz obs\u0142ug\u0119 JavaScript w przegl\u0105darce.<\/noscript><div class=\"wpforms-field-container\"><div id=\"wpforms-3012-field_5-container\" class=\"wpforms-field wpforms-field-layout\" data-field-id=\"5\"><div class=\"wpforms-field-layout-rows wpforms-field-large\"><div class=\"wpforms-layout-row\"><div class=\"wpforms-layout-column wpforms-layout-column-25\"><div id=\"wpforms-3012-field_6-container\" class=\"wpforms-field wpforms-field-text\" data-field-id=\"6\"><label class=\"wpforms-field-label\" for=\"wpforms-3012-field_6\">Imi\u0119 <span class=\"wpforms-required-label\">*<\/span><\/label><input type=\"text\" id=\"wpforms-3012-field_6\" class=\"wpforms-field-medium wpforms-field-required\" name=\"wpforms[fields][6]\" required><\/div><\/div><div class=\"wpforms-layout-column wpforms-layout-column-25\"><div id=\"wpforms-3012-field_7-container\" class=\"wpforms-field wpforms-field-text\" data-field-id=\"7\"><label class=\"wpforms-field-label\" for=\"wpforms-3012-field_7\">Nazwisko <span class=\"wpforms-required-label\">*<\/span><\/label><input type=\"text\" id=\"wpforms-3012-field_7\" class=\"wpforms-field-medium wpforms-field-required\" name=\"wpforms[fields][7]\" required><\/div><\/div><div class=\"wpforms-layout-column wpforms-layout-column-25\"><div id=\"wpforms-3012-field_8-container\" class=\"wpforms-field wpforms-field-email\" data-field-id=\"8\"><label class=\"wpforms-field-label\" for=\"wpforms-3012-field_8\"> Email <span class=\"wpforms-required-label\">*<\/span><\/label><input type=\"email\" id=\"wpforms-3012-field_8\" class=\"wpforms-field-medium wpforms-field-required\" name=\"wpforms[fields][8]\" spellcheck=\"false\" required><\/div><\/div><div class=\"wpforms-layout-column wpforms-layout-column-25\"><div id=\"wpforms-3012-field_9-container\" class=\"wpforms-field wpforms-field-text\" data-field-id=\"9\"><label class=\"wpforms-field-label\" for=\"wpforms-3012-field_9\">Nazwa firmy <span class=\"wpforms-required-label\">*<\/span><\/label><input type=\"text\" id=\"wpforms-3012-field_9\" class=\"wpforms-field-medium wpforms-field-required\" name=\"wpforms[fields][9]\" required><\/div><\/div><\/div><div class=\"wpforms-layout-row\"><div class=\"wpforms-layout-column wpforms-layout-column-25\"><div id=\"wpforms-3012-field_11-container\" class=\"wpforms-field wpforms-field-text\" data-field-id=\"11\"><label class=\"wpforms-field-label\" for=\"wpforms-3012-field_11\">Stanowisko pracy <span class=\"wpforms-required-label\">*<\/span><\/label><input type=\"text\" id=\"wpforms-3012-field_11\" class=\"wpforms-field-medium wpforms-field-required\" name=\"wpforms[fields][11]\" required><\/div><\/div><div class=\"wpforms-layout-column wpforms-layout-column-25\"><div id=\"wpforms-3012-field_12-container\" class=\"wpforms-field wpforms-field-textarea\" data-field-id=\"12\"><label class=\"wpforms-field-label\" for=\"wpforms-3012-field_12\">Kr\u00f3tka biografia w j\u0119zyku angielskim <span class=\"wpforms-required-label\">*<\/span><\/label><textarea id=\"wpforms-3012-field_12\" class=\"wpforms-field-medium wpforms-field-required\" name=\"wpforms[fields][12]\" required><\/textarea><\/div><\/div><div class=\"wpforms-layout-column wpforms-layout-column-25\"><div id=\"wpforms-3012-field_13-container\" class=\"wpforms-field wpforms-field-select wpforms-field-select-style-classic\" data-field-id=\"13\"><label class=\"wpforms-field-label\" for=\"wpforms-3012-field_13\">Czy do\u0142\u0105czysz do nas w Krakowie? <span class=\"wpforms-required-label\">*<\/span><\/label><select id=\"wpforms-3012-field_13\" class=\"wpforms-field-medium wpforms-field-required\" name=\"wpforms[fields][13]\" required=\"required\"><option value=\"Tak\" >Tak<\/option><option value=\"Nie, b\u0119d\u0119 dost\u0119pny online na Discordzie\" >Nie, b\u0119d\u0119 dost\u0119pny online na Discordzie<\/option><option value=\"Obydwa\" >Obydwa<\/option><\/select><\/div><\/div><div class=\"wpforms-layout-column wpforms-layout-column-25\"><div id=\"wpforms-3012-field_14-container\" class=\"wpforms-field wpforms-field-text\" data-field-id=\"14\"><label class=\"wpforms-field-label\" for=\"wpforms-3012-field_14\">link do zdj\u0119cia \/ miejsca gdzie mo\u017cemy znale\u017a\u0107 Twoje zdj\u0119cie <span class=\"wpforms-required-label\">*<\/span><\/label><input type=\"text\" id=\"wpforms-3012-field_14\" class=\"wpforms-field-medium wpforms-field-required\" name=\"wpforms[fields][14]\" required><\/div><\/div><\/div><\/div><\/div><div id=\"wpforms-3012-field_27-container\" class=\"wpforms-field wpforms-field-divider\" data-field-id=\"27\"><div class=\"wpforms-field-description\"><hr style=\"border: 1px solid #02bcc1 !important; margin: 40px 0px;\"><\/div><\/div><div id=\"wpforms-3012-field_3-container\" class=\"wpforms-field wpforms-field-checkbox wpforms-list-inline wpforms-conditional-trigger\" data-field-id=\"3\"><label class=\"wpforms-field-label\">ZADANIE <span class=\"wpforms-required-label\">*<\/span><\/label><ul id=\"wpforms-3012-field_3\" class=\"wpforms-field-required\" data-choice-limit=\"1\"><li class=\"choice-1 depth-1\"><input type=\"checkbox\" id=\"wpforms-3012-field_3_1\" data-rule-check-limit=\"true\" name=\"wpforms[fields][3][]\" value=\"OPEN TASK\" required ><label class=\"wpforms-field-label-inline\" for=\"wpforms-3012-field_3_1\">OPEN TASK<\/label><\/li><li class=\"choice-2 depth-1\"><input type=\"checkbox\" id=\"wpforms-3012-field_3_2\" data-rule-check-limit=\"true\" name=\"wpforms[fields][3][]\" value=\"PARTNER TASK\" required ><label class=\"wpforms-field-label-inline\" for=\"wpforms-3012-field_3_2\">PARTNER TASK<\/label><\/li><\/ul><\/div><div id=\"wpforms-3012-field_33-container\" class=\"wpforms-field wpforms-field-text wpforms-conditional-field wpforms-conditional-show\" data-field-id=\"33\" style=\"display:none;\"><label class=\"wpforms-field-label\" for=\"wpforms-3012-field_33\">NAZWA ZADANIA<\/label><input type=\"text\" id=\"wpforms-3012-field_33\" class=\"wpforms-field-large\" name=\"wpforms[fields][33]\" ><\/div><div id=\"wpforms-3012-field_31-container\" class=\"wpforms-field wpforms-field-divider\" data-field-id=\"31\"><div class=\"wpforms-field-description\"><hr style=\"border: 1px solid #02bcc1 !important; margin: 40px 0px;\"><\/div><\/div><div id=\"wpforms-3012-field_34-container\" class=\"wpforms-field wpforms-field-checkbox wpforms-list-inline wpforms-conditional-trigger\" data-field-id=\"34\"><label class=\"wpforms-field-label\">Dziedziny specjalizacji <span class=\"wpforms-required-label\">*<\/span><\/label><ul id=\"wpforms-3012-field_34\" class=\"wpforms-field-required\"><li class=\"choice-1 depth-1\"><input type=\"checkbox\" id=\"wpforms-3012-field_34_1\" name=\"wpforms[fields][34][]\" value=\"Python\" required ><label class=\"wpforms-field-label-inline\" for=\"wpforms-3012-field_34_1\">Python<\/label><\/li><li class=\"choice-2 depth-1\"><input type=\"checkbox\" id=\"wpforms-3012-field_34_2\" name=\"wpforms[fields][34][]\" value=\"C\" required ><label class=\"wpforms-field-label-inline\" for=\"wpforms-3012-field_34_2\">C<\/label><\/li><li class=\"choice-3 depth-1\"><input type=\"checkbox\" id=\"wpforms-3012-field_34_3\" name=\"wpforms[fields][34][]\" value=\"JAVA\" required ><label class=\"wpforms-field-label-inline\" for=\"wpforms-3012-field_34_3\">JAVA<\/label><\/li><li class=\"choice-8 depth-1\"><input type=\"checkbox\" id=\"wpforms-3012-field_34_8\" name=\"wpforms[fields][34][]\" value=\"C++\" required ><label class=\"wpforms-field-label-inline\" for=\"wpforms-3012-field_34_8\">C++<\/label><\/li><li class=\"choice-7 depth-1\"><input type=\"checkbox\" id=\"wpforms-3012-field_34_7\" name=\"wpforms[fields][34][]\" value=\"C#\" required ><label class=\"wpforms-field-label-inline\" for=\"wpforms-3012-field_34_7\">C#<\/label><\/li><li class=\"choice-6 depth-1\"><input type=\"checkbox\" id=\"wpforms-3012-field_34_6\" name=\"wpforms[fields][34][]\" value=\"JavaScript\" required ><label class=\"wpforms-field-label-inline\" for=\"wpforms-3012-field_34_6\">JavaScript<\/label><\/li><li class=\"choice-5 depth-1\"><input type=\"checkbox\" id=\"wpforms-3012-field_34_5\" name=\"wpforms[fields][34][]\" value=\"PHP\" required ><label class=\"wpforms-field-label-inline\" for=\"wpforms-3012-field_34_5\">PHP<\/label><\/li><li class=\"choice-4 depth-1\"><input type=\"checkbox\" id=\"wpforms-3012-field_34_4\" name=\"wpforms[fields][34][]\" value=\"R\" required ><label class=\"wpforms-field-label-inline\" for=\"wpforms-3012-field_34_4\">R<\/label><\/li><li class=\"choice-9 depth-1\"><input type=\"checkbox\" id=\"wpforms-3012-field_34_9\" name=\"wpforms[fields][34][]\" value=\"Go\" required ><label class=\"wpforms-field-label-inline\" for=\"wpforms-3012-field_34_9\">Go<\/label><\/li><li class=\"choice-12 depth-1\"><input type=\"checkbox\" id=\"wpforms-3012-field_34_12\" name=\"wpforms[fields][34][]\" value=\"TypeScript\" required ><label class=\"wpforms-field-label-inline\" for=\"wpforms-3012-field_34_12\">TypeScript<\/label><\/li><li class=\"choice-11 depth-1\"><input type=\"checkbox\" id=\"wpforms-3012-field_34_11\" name=\"wpforms[fields][34][]\" value=\"SQL\" required ><label class=\"wpforms-field-label-inline\" for=\"wpforms-3012-field_34_11\">SQL<\/label><\/li><li class=\"choice-10 depth-1\"><input type=\"checkbox\" id=\"wpforms-3012-field_34_10\" name=\"wpforms[fields][34][]\" value=\"HTML\/CSS\" required ><label class=\"wpforms-field-label-inline\" for=\"wpforms-3012-field_34_10\">HTML\/CSS<\/label><\/li><li class=\"choice-15 depth-1\"><input type=\"checkbox\" id=\"wpforms-3012-field_34_15\" name=\"wpforms[fields][34][]\" value=\"VR\/AR\" required ><label class=\"wpforms-field-label-inline\" for=\"wpforms-3012-field_34_15\">VR\/AR<\/label><\/li><li class=\"choice-14 depth-1\"><input type=\"checkbox\" id=\"wpforms-3012-field_34_14\" name=\"wpforms[fields][34][]\" value=\"AI\/ML\" required ><label class=\"wpforms-field-label-inline\" for=\"wpforms-3012-field_34_14\">AI\/ML<\/label><\/li><li class=\"choice-13 depth-1\"><input type=\"checkbox\" id=\"wpforms-3012-field_34_13\" name=\"wpforms[fields][34][]\" value=\"Data Sience\" required ><label class=\"wpforms-field-label-inline\" for=\"wpforms-3012-field_34_13\">Data Sience<\/label><\/li><li class=\"choice-19 depth-1\"><input type=\"checkbox\" id=\"wpforms-3012-field_34_19\" name=\"wpforms[fields][34][]\" value=\"Mobile\" required ><label class=\"wpforms-field-label-inline\" for=\"wpforms-3012-field_34_19\">Mobile<\/label><\/li><li class=\"choice-18 depth-1\"><input type=\"checkbox\" id=\"wpforms-3012-field_34_18\" name=\"wpforms[fields][34][]\" value=\"Web\" required ><label class=\"wpforms-field-label-inline\" for=\"wpforms-3012-field_34_18\">Web<\/label><\/li><li class=\"choice-17 depth-1\"><input type=\"checkbox\" id=\"wpforms-3012-field_34_17\" name=\"wpforms[fields][34][]\" value=\"GameDev\" required ><label class=\"wpforms-field-label-inline\" for=\"wpforms-3012-field_34_17\">GameDev<\/label><\/li><li class=\"choice-16 depth-1\"><input type=\"checkbox\" id=\"wpforms-3012-field_34_16\" name=\"wpforms[fields][34][]\" value=\"UX\/UI\" required ><label class=\"wpforms-field-label-inline\" for=\"wpforms-3012-field_34_16\">UX\/UI<\/label><\/li><li class=\"choice-22 depth-1\"><input type=\"checkbox\" id=\"wpforms-3012-field_34_22\" name=\"wpforms[fields][34][]\" value=\"2D\/3D Graphic Design\" required ><label class=\"wpforms-field-label-inline\" for=\"wpforms-3012-field_34_22\">2D\/3D Graphic Design<\/label><\/li><li class=\"choice-21 depth-1\"><input type=\"checkbox\" id=\"wpforms-3012-field_34_21\" name=\"wpforms[fields][34][]\" value=\"Animation\" required ><label class=\"wpforms-field-label-inline\" for=\"wpforms-3012-field_34_21\">Animation<\/label><\/li><li class=\"choice-23 depth-1\"><input type=\"checkbox\" id=\"wpforms-3012-field_34_23\" name=\"wpforms[fields][34][]\" value=\"Other\" required ><label class=\"wpforms-field-label-inline\" for=\"wpforms-3012-field_34_23\">Other<\/label><\/li><\/ul><\/div><div id=\"wpforms-3012-field_15-container\" class=\"wpforms-field wpforms-field-textarea wpforms-conditional-field wpforms-conditional-show\" data-field-id=\"15\" style=\"display:none;\"><label class=\"wpforms-field-label\" for=\"wpforms-3012-field_15\">Inna specjalizacja<\/label><textarea id=\"wpforms-3012-field_15\" class=\"wpforms-field-medium\" name=\"wpforms[fields][15]\" ><\/textarea><\/div><div id=\"wpforms-3012-field_28-container\" class=\"wpforms-field wpforms-field-divider\" data-field-id=\"28\"><div class=\"wpforms-field-description\"><hr style=\"border: 1px solid #02bcc1 !important; margin: 40px 0px;\"><\/div><\/div><div id=\"wpforms-3012-field_16-container\" class=\"wpforms-field wpforms-field-text\" data-field-id=\"16\"><label class=\"wpforms-field-label\" for=\"wpforms-3012-field_16\">Profil LinkedIn (opcjonalnie)<\/label><input type=\"text\" id=\"wpforms-3012-field_16\" class=\"wpforms-field-large\" name=\"wpforms[fields][16]\" ><\/div><div id=\"wpforms-3012-field_29-container\" class=\"wpforms-field wpforms-field-divider\" data-field-id=\"29\"><div class=\"wpforms-field-description\"><hr style=\"border: 1px solid #02bcc1 !important; margin: 40px 0px;\"><\/div><\/div><div id=\"wpforms-3012-field_21-container\" class=\"wpforms-field wpforms-field-checkbox\" data-field-id=\"21\"><label class=\"wpforms-field-label\">Warunki i postanowienia <span class=\"wpforms-required-label\">*<\/span><\/label><ul id=\"wpforms-3012-field_21\" class=\"wpforms-field-required\"><li class=\"choice-2 depth-1\"><input type=\"checkbox\" id=\"wpforms-3012-field_21_2\" name=\"wpforms[fields][21][]\" value=\"&lt;a href=&quot;https:\/\/2024.hackyeah.pl\/wp-content\/uploads\/2024\/02\/HackYeah-2024-Rules-ENPL.pdf&quot;&gt;Zapozna\u0142em si\u0119 z regulaminem HackYeah 2024 i go akceptuj\u0119&lt;\/a&gt; *\" required ><label class=\"wpforms-field-label-inline\" for=\"wpforms-3012-field_21_2\"><a href=\"https:\/\/2024.hackyeah.pl\/wp-content\/uploads\/2024\/02\/HackYeah-2024-Rules-ENPL.pdf\">Zapozna\u0142em si\u0119 z regulaminem HackYeah 2024 i go akceptuj\u0119<\/a> *<\/label><\/li><\/ul><\/div><div id=\"wpforms-3012-field_22-container\" class=\"wpforms-field wpforms-field-checkbox\" data-field-id=\"22\"><ul id=\"wpforms-3012-field_22\" class=\"wpforms-field-required\"><li class=\"choice-2 depth-1\"><input type=\"checkbox\" id=\"wpforms-3012-field_22_2\" name=\"wpforms[fields][22][]\" value=\"&lt;a href=&quot;https:\/\/2024.hackyeah.pl\/wp-content\/uploads\/2024\/02\/HackYeah-2024-Privacy-Policy-ENPL.pdf&quot;&gt;O\u015bwiadczam, \u017ce zapozna\u0142em si\u0119 i akceptuj\u0119 Polityk\u0119 Prywatno\u015bci&lt;\/a&gt; *\" required ><label class=\"wpforms-field-label-inline\" for=\"wpforms-3012-field_22_2\"><a href=\"https:\/\/2024.hackyeah.pl\/wp-content\/uploads\/2024\/02\/HackYeah-2024-Privacy-Policy-ENPL.pdf\">O\u015bwiadczam, \u017ce zapozna\u0142em si\u0119 i akceptuj\u0119 Polityk\u0119 Prywatno\u015bci<\/a> *<\/label><\/li><\/ul><\/div><\/div><!-- .wpforms-field-container --><div class=\"wpforms-recaptcha-container wpforms-is-recaptcha wpforms-is-recaptcha-type-v2\" ><div class=\"g-recaptcha\" data-sitekey=\"6LfUiq8nAAAAAC8b8MWML6ZWvP1EHS80qqNXs1es\"><\/div><input type=\"text\" name=\"g-recaptcha-hidden\" class=\"wpforms-recaptcha-hidden\" style=\"position:absolute!important;clip:rect(0,0,0,0)!important;height:1px!important;width:1px!important;border:0!important;overflow:hidden!important;padding:0!important;margin:0!important;\" data-rule-recaptcha=\"1\"><\/div><div class=\"wpforms-submit-container\" ><input type=\"hidden\" name=\"wpforms[id]\" value=\"3012\"><input type=\"hidden\" name=\"page_title\" value=\"\"><input type=\"hidden\" name=\"page_url\" value=\"https:\/\/2024.hackyeah.pl\/pl\/wp-json\/wp\/v2\/pages\/2269\"><input type=\"hidden\" name=\"url_referer\" value=\"\"><button type=\"submit\" name=\"wpforms[submit]\" id=\"wpforms-submit-3012\" class=\"wpforms-submit\" data-alt-text=\"Sending...\" data-submit-text=\"SEND\" aria-live=\"assertive\" value=\"wpforms-submit\">SEND<\/button><img loading=\"lazy\" decoding=\"async\" src=\"https:\/\/2024.hackyeah.pl\/wp-content\/plugins\/wpforms\/assets\/images\/submit-spin.svg\" class=\"wpforms-submit-spinner\" style=\"display: none;\" width=\"26\" height=\"26\" alt=\"Wczytywanie\"><\/div><\/form><\/div>  <!-- .wpforms-container -->\r\n<\/div>\r\n<\/div>\r\n<\/div>\r\n<\/div>\r\n\t<\/div>","protected":false},"excerpt":{"rendered":"<p>ZOSTA\u0143 MENTOREM ZOSTA\u0143 MENTOREM Do\u0142\u0105cz do nas! W ramach hackathonu og\u0142osili\u015bmy ju\u017c 6 otwartych zadania: ARTIFICIAL INTELLIGENCE, CYBERSECURITY, EDUCATION, GAMEDEV, FINANCE i WELLNESS &#038; ACTIVITIES. Teraz szukamy os\u00f3b, kt\u00f3re pomog\u0105 uczestnikom przekszta\u0142ci\u0107 pomys\u0142y w ostateczny projekt. Mentorzy powinni udziela\u0107 wskaz\u00f3wek i porad, dzieli\u0107 si\u0119 wiedz\u0105 i do\u015bwiadczeniem z uczestnikami oraz zach\u0119ca\u0107 do dyskusji. S\u0105 wsparciem&hellip; <br \/> <a class=\"read-more\" href=\"https:\/\/2024.hackyeah.pl\/pl\/become-a-mentor\/\">Read more<\/a><\/p>\n","protected":false},"author":10,"featured_media":0,"parent":0,"menu_order":0,"comment_status":"closed","ping_status":"closed","template":"pro\/page-templates\/full-width-homepage-header.php","meta":{"ngg_post_thumbnail":0,"footnotes":""},"class_list":["post-2269","page","type-page","status-publish","hentry"],"_links":{"self":[{"href":"https:\/\/2024.hackyeah.pl\/pl\/wp-json\/wp\/v2\/pages\/2269","targetHints":{"allow":["GET"]}}],"collection":[{"href":"https:\/\/2024.hackyeah.pl\/pl\/wp-json\/wp\/v2\/pages"}],"about":[{"href":"https:\/\/2024.hackyeah.pl\/pl\/wp-json\/wp\/v2\/types\/page"}],"author":[{"embeddable":true,"href":"https:\/\/2024.hackyeah.pl\/pl\/wp-json\/wp\/v2\/users\/10"}],"replies":[{"embeddable":true,"href":"https:\/\/2024.hackyeah.pl\/pl\/wp-json\/wp\/v2\/comments?post=2269"}],"version-history":[{"count":11,"href":"https:\/\/2024.hackyeah.pl\/pl\/wp-json\/wp\/v2\/pages\/2269\/revisions"}],"predecessor-version":[{"id":3071,"href":"https:\/\/2024.hackyeah.pl\/pl\/wp-json\/wp\/v2\/pages\/2269\/revisions\/3071"}],"wp:attachment":[{"href":"https:\/\/2024.hackyeah.pl\/pl\/wp-json\/wp\/v2\/media?parent=2269"}],"curies":[{"name":"wp","href":"https:\/\/api.w.org\/{rel}","templated":true}]}}