{"id":2275,"date":"2022-09-13T12:16:06","date_gmt":"2022-09-13T10:16:06","guid":{"rendered":"https:\/\/2024.hackyeah.pl\/zostan-prelegentem\/"},"modified":"2024-09-02T13:26:42","modified_gmt":"2024-09-02T11:26:42","slug":"zostan-prelegentem","status":"publish","type":"page","link":"https:\/\/2024.hackyeah.pl\/pl\/zostan-prelegentem\/","title":{"rendered":"Zosta\u0144 prelegentem"},"content":{"rendered":"<div data-label=\"About\" data-id=\"about--1\" data-export-id=\"about-8\" data-category=\"about\" class=\"about-8 content-section content-section-spacing\" id=\"about\" style=\"\">\r\n<div class=\"big_text animated zoomIn duration3 eds-on-scroll \">ZOSTA\u0143 PRELEGENTEM<\/div>\r\n<div class=\"gridContainer\">\r\n<div class=\"fluid\">\r\n<div class=\"row middle-sm text-center\">\r\n<div class=\"col-md-12\">\r\n\r\n<div class=\"wrapper\">\r\n  <h2 class=\"glitch-prelegent\">ZOSTA\u0143 PRELEGENTEM<\/h2>\r\n<\/div>\r\n\t\r\n<div class=\"col-md-12 row\">\r\n<p class=\"text-left page_text\">\r\nJako prelegent na HackYeah masz niepowtarzaln\u0105 okazj\u0119, by zainspirowa\u0107 i edukowa\u0107 uczestnik\u00f3w, dzieli\u0107 si\u0119 swoj\u0105 wiedz\u0105 i nap\u0119dza\u0107 innowacje w bran\u017cy technologicznej. Co wi\u0119cej, b\u0119dziesz m\u00f3g\u0142 nawi\u0105za\u0107 kontakt z najwybitniejszymi umys\u0142ami w tej dziedzinie, podzieli\u0107 si\u0119 swoimi do\u015bwiadczeniami i wsp\u00f3lnie kszta\u0142towa\u0107 przysz\u0142o\u015b\u0107 technologii. HackYeah to r\u00f3wnie\u017c ogromna dawka wiedzy!\r\n<br><br>\r\nNiezale\u017cnie od tego, czy masz ju\u017c do\u015bwiadczenie na scenie, czy dopiero zaczynasz swoj\u0105 przygod\u0119 z wyst\u0105pieniami publicznymi, HackYeah oferuje wspieraj\u0105ce i przyjazne \u015brodowisko, w kt\u00f3rym mo\u017cesz dzieli\u0107 si\u0119 swoj\u0105 pasj\u0105 z innymi. Je\u015bli chcesz rozszerzy\u0107 swoj\u0105 sie\u0107 kontakt\u00f3w, zbudowa\u0107 mark\u0119 i mie\u0107 realny wp\u0142yw na przysz\u0142o\u015b\u0107 technologii, do\u0142\u0105cz do nas!\r\n<br><br>\r\nNasze g\u0142\u00f3wne tematy to: <strong>ARTIFICIAL INTELLIGENCE<\/strong>, <strong>CYBERSECURITY<\/strong>, <strong>EDUCATION<\/strong>, <strong>GAMEDEV<\/strong>, <strong>FINANCE<\/strong> i <strong>WELLNESS &#038; ACTIVITIES<\/strong>.  Jeste\u015bmy otwarci na wszystkie pomys\u0142y, kt\u00f3re mog\u0105 by\u0107 interesuj\u0105ce i pomocne dla naszych uczestnik\u00f3w. Mo\u017cesz r\u00f3wnie\u017c zaproponowa\u0107 temat z zakresu kompetencji mi\u0119kkich lub zupe\u0142nie inny, kt\u00f3ry nas zaskoczy!\r\n<br><br>\r\nKonferencja rusza w sobot\u0119 (28 wrze\u015bnia) po po\u0142udniu. Do\u0142\u0105cz do nas i poczuj klimat najwi\u0119kszego hackathonu w Europie!<br>\r\n<strong style=\"color: #02bcc1; font-size: 26px; margin-top: 20px; display: block;\">TERMIN SK\u0141ADANIA ZG\u0141OSZE\u0143: 20 SIERPNIA 2024<\/strong>\r\n\r\n<\/p>\r\n\t<\/div>\r\n\t\r\n\t<div class=\"wpforms-container wpforms-container-full\" id=\"wpforms-2589\"><form id=\"wpforms-form-2589\" class=\"wpforms-validate wpforms-form wpforms-ajax-form\" data-formid=\"2589\" method=\"post\" enctype=\"multipart\/form-data\" action=\"\/pl\/wp-json\/wp\/v2\/pages\/2275\" data-token=\"2c2233c1acd5545d99f111898d8f0620\" data-token-time=\"1777602248\"><noscript class=\"wpforms-error-noscript\">Aby wype\u0142ni\u0107 ten formularz, w\u0142\u0105cz obs\u0142ug\u0119 JavaScript w przegl\u0105darce.<\/noscript><div class=\"wpforms-field-container\"><div id=\"wpforms-2589-field_5-container\" class=\"wpforms-field wpforms-field-layout\" data-field-id=\"5\"><div class=\"wpforms-field-layout-rows wpforms-field-large\"><div class=\"wpforms-layout-row\"><div class=\"wpforms-layout-column wpforms-layout-column-25\"><div id=\"wpforms-2589-field_6-container\" class=\"wpforms-field wpforms-field-text\" data-field-id=\"6\"><label class=\"wpforms-field-label\" for=\"wpforms-2589-field_6\">Name<\/label><input type=\"text\" id=\"wpforms-2589-field_6\" class=\"wpforms-field-medium\" name=\"wpforms[fields][6]\" ><\/div><\/div><div class=\"wpforms-layout-column wpforms-layout-column-25\"><div id=\"wpforms-2589-field_7-container\" class=\"wpforms-field wpforms-field-text\" data-field-id=\"7\"><label class=\"wpforms-field-label\" for=\"wpforms-2589-field_7\">Surname<\/label><input type=\"text\" id=\"wpforms-2589-field_7\" class=\"wpforms-field-medium\" name=\"wpforms[fields][7]\" ><\/div><\/div><div class=\"wpforms-layout-column wpforms-layout-column-25\"><div id=\"wpforms-2589-field_8-container\" class=\"wpforms-field wpforms-field-email\" data-field-id=\"8\"><label class=\"wpforms-field-label\" for=\"wpforms-2589-field_8\"> Email<\/label><input type=\"email\" id=\"wpforms-2589-field_8\" class=\"wpforms-field-medium\" name=\"wpforms[fields][8]\" spellcheck=\"false\" ><\/div><\/div><div class=\"wpforms-layout-column wpforms-layout-column-25\"><div id=\"wpforms-2589-field_9-container\" class=\"wpforms-field wpforms-field-text\" data-field-id=\"9\"><label class=\"wpforms-field-label\" for=\"wpforms-2589-field_9\">Company name<\/label><input type=\"text\" id=\"wpforms-2589-field_9\" class=\"wpforms-field-medium\" name=\"wpforms[fields][9]\" ><\/div><\/div><\/div><\/div><\/div><div id=\"wpforms-2589-field_22-container\" class=\"wpforms-field wpforms-field-layout\" data-field-id=\"22\"><div class=\"wpforms-field-layout-rows wpforms-field-large\"><div class=\"wpforms-layout-row\"><div class=\"wpforms-layout-column wpforms-layout-column-33\"><div id=\"wpforms-2589-field_11-container\" class=\"wpforms-field wpforms-field-text\" data-field-id=\"11\"><label class=\"wpforms-field-label\" for=\"wpforms-2589-field_11\">Job Position<\/label><input type=\"text\" id=\"wpforms-2589-field_11\" class=\"wpforms-field-medium\" name=\"wpforms[fields][11]\" ><\/div><\/div><div class=\"wpforms-layout-column wpforms-layout-column-33\"><div id=\"wpforms-2589-field_12-container\" class=\"wpforms-field wpforms-field-textarea\" data-field-id=\"12\"><label class=\"wpforms-field-label\" for=\"wpforms-2589-field_12\">Short Biography in English<\/label><textarea id=\"wpforms-2589-field_12\" class=\"wpforms-field-medium\" name=\"wpforms[fields][12]\" ><\/textarea><\/div><\/div><div class=\"wpforms-layout-column wpforms-layout-column-33\"><div id=\"wpforms-2589-field_23-container\" class=\"wpforms-field wpforms-field-text\" data-field-id=\"23\"><label class=\"wpforms-field-label\" for=\"wpforms-2589-field_23\">Facebook profile (optional)<\/label><input type=\"text\" id=\"wpforms-2589-field_23\" class=\"wpforms-field-medium\" name=\"wpforms[fields][23]\" ><\/div><\/div><\/div><div class=\"wpforms-layout-row\"><div class=\"wpforms-layout-column wpforms-layout-column-33\"><div id=\"wpforms-2589-field_14-container\" class=\"wpforms-field wpforms-field-text\" data-field-id=\"14\"><label class=\"wpforms-field-label\" for=\"wpforms-2589-field_14\"> link to the photo \/ place where we can find your photo<\/label><input type=\"text\" id=\"wpforms-2589-field_14\" class=\"wpforms-field-medium\" name=\"wpforms[fields][14]\" ><\/div><\/div><div class=\"wpforms-layout-column wpforms-layout-column-33\"><div id=\"wpforms-2589-field_25-container\" class=\"wpforms-field wpforms-field-textarea\" data-field-id=\"25\"><label class=\"wpforms-field-label\" for=\"wpforms-2589-field_25\">Description of the lecture<\/label><textarea id=\"wpforms-2589-field_25\" class=\"wpforms-field-medium\" name=\"wpforms[fields][25]\" ><\/textarea><\/div><\/div><div class=\"wpforms-layout-column wpforms-layout-column-33\"><div id=\"wpforms-2589-field_24-container\" class=\"wpforms-field wpforms-field-text\" data-field-id=\"24\"><label class=\"wpforms-field-label\" for=\"wpforms-2589-field_24\"> LinkedIn profile (optional)<\/label><input type=\"text\" id=\"wpforms-2589-field_24\" class=\"wpforms-field-medium\" name=\"wpforms[fields][24]\" ><\/div><\/div><\/div><div class=\"wpforms-layout-row\"><div class=\"wpforms-layout-column wpforms-layout-column-33\"><div id=\"wpforms-2589-field_27-container\" class=\"wpforms-field wpforms-field-radio\" data-field-id=\"27\"><label class=\"wpforms-field-label\">Subject area<\/label><ul id=\"wpforms-2589-field_27\"><li class=\"choice-1 depth-1\"><input type=\"radio\" id=\"wpforms-2589-field_27_1\" name=\"wpforms[fields][27]\" value=\"ARTIFICIAL INTELLIGENCE\"  ><label class=\"wpforms-field-label-inline\" for=\"wpforms-2589-field_27_1\">ARTIFICIAL INTELLIGENCE<\/label><\/li><li class=\"choice-2 depth-1\"><input type=\"radio\" id=\"wpforms-2589-field_27_2\" name=\"wpforms[fields][27]\" value=\"CYBERSECURITY\"  ><label class=\"wpforms-field-label-inline\" for=\"wpforms-2589-field_27_2\">CYBERSECURITY<\/label><\/li><li class=\"choice-3 depth-1\"><input type=\"radio\" id=\"wpforms-2589-field_27_3\" name=\"wpforms[fields][27]\" value=\"EDUCATION\"  ><label class=\"wpforms-field-label-inline\" for=\"wpforms-2589-field_27_3\">EDUCATION<\/label><\/li><li class=\"choice-5 depth-1\"><input type=\"radio\" id=\"wpforms-2589-field_27_5\" name=\"wpforms[fields][27]\" value=\"GAMEDEV\"  ><label class=\"wpforms-field-label-inline\" for=\"wpforms-2589-field_27_5\">GAMEDEV<\/label><\/li><li class=\"choice-6 depth-1\"><input type=\"radio\" id=\"wpforms-2589-field_27_6\" name=\"wpforms[fields][27]\" value=\"FINANCE\"  ><label class=\"wpforms-field-label-inline\" for=\"wpforms-2589-field_27_6\">FINANCE<\/label><\/li><li class=\"choice-7 depth-1\"><input type=\"radio\" id=\"wpforms-2589-field_27_7\" name=\"wpforms[fields][27]\" value=\"WELLNESS &amp; ACTIVITIES\"  ><label class=\"wpforms-field-label-inline\" for=\"wpforms-2589-field_27_7\">WELLNESS &amp; ACTIVITIES<\/label><\/li><li class=\"choice-4 depth-1\"><input type=\"radio\" id=\"wpforms-2589-field_27_4\" name=\"wpforms[fields][27]\" value=\"OTHER\"  ><label class=\"wpforms-field-label-inline\" for=\"wpforms-2589-field_27_4\">OTHER<\/label><\/li><\/ul><\/div><\/div><div class=\"wpforms-layout-column wpforms-layout-column-33\"><\/div><div class=\"wpforms-layout-column wpforms-layout-column-33\"><div id=\"wpforms-2589-field_26-container\" class=\"wpforms-field wpforms-field-text\" data-field-id=\"26\"><label class=\"wpforms-field-label\" for=\"wpforms-2589-field_26\">The topic of the presentation<\/label><input type=\"text\" id=\"wpforms-2589-field_26\" class=\"wpforms-field-medium\" name=\"wpforms[fields][26]\" ><\/div><\/div><\/div><\/div><\/div><div id=\"wpforms-2589-field_21-container\" class=\"wpforms-field wpforms-field-checkbox\" data-field-id=\"21\"><label class=\"wpforms-field-label\">Terms and conditions <span class=\"wpforms-required-label\">*<\/span><\/label><ul id=\"wpforms-2589-field_21\" class=\"wpforms-field-required\"><li class=\"choice-1 depth-1\"><input type=\"checkbox\" id=\"wpforms-2589-field_21_1\" name=\"wpforms[fields][21][]\" value=\"&lt;a href=&quot;https:\/\/2024.hackyeah.pl\/wp-content\/uploads\/2024\/02\/HackYeah-2024-Rules-ENPL.pdf&quot;&gt;I have read the terms and conditions of HackYeah 2024 and accepted them &lt;\/a&gt;*\" required ><label class=\"wpforms-field-label-inline\" for=\"wpforms-2589-field_21_1\"><a href=\"https:\/\/2024.hackyeah.pl\/wp-content\/uploads\/2024\/02\/HackYeah-2024-Rules-ENPL.pdf\">I have read the terms and conditions of HackYeah 2024 and accepted them <\/a>*<\/label><\/li><\/ul><\/div><div id=\"wpforms-2589-field_28-container\" class=\"wpforms-field wpforms-field-checkbox\" data-field-id=\"28\"><ul id=\"wpforms-2589-field_28\" class=\"wpforms-field-required\"><li class=\"choice-2 depth-1\"><input type=\"checkbox\" id=\"wpforms-2589-field_28_2\" name=\"wpforms[fields][28][]\" value=\"&lt;a href=&quot;https:\/\/2024.hackyeah.pl\/wp-content\/uploads\/2024\/02\/HackYeah-2024-Privacy-Policy-ENPL.pdf&quot;&gt;I declare that I have read and accept the Privacy Policy&lt;\/a&gt;*\" required ><label class=\"wpforms-field-label-inline\" for=\"wpforms-2589-field_28_2\"><a href=\"https:\/\/2024.hackyeah.pl\/wp-content\/uploads\/2024\/02\/HackYeah-2024-Privacy-Policy-ENPL.pdf\">I declare that I have read and accept the Privacy Policy<\/a>*<\/label><\/li><\/ul><\/div><\/div><!-- .wpforms-field-container --><div class=\"wpforms-recaptcha-container wpforms-is-recaptcha wpforms-is-recaptcha-type-v2\" ><div class=\"g-recaptcha\" data-sitekey=\"6LfUiq8nAAAAAC8b8MWML6ZWvP1EHS80qqNXs1es\"><\/div><input type=\"text\" name=\"g-recaptcha-hidden\" class=\"wpforms-recaptcha-hidden\" style=\"position:absolute!important;clip:rect(0,0,0,0)!important;height:1px!important;width:1px!important;border:0!important;overflow:hidden!important;padding:0!important;margin:0!important;\" data-rule-recaptcha=\"1\"><\/div><div class=\"wpforms-submit-container\" ><input type=\"hidden\" name=\"wpforms[id]\" value=\"2589\"><input type=\"hidden\" name=\"page_title\" value=\"\"><input type=\"hidden\" name=\"page_url\" value=\"https:\/\/2024.hackyeah.pl\/pl\/wp-json\/wp\/v2\/pages\/2275\"><input type=\"hidden\" name=\"url_referer\" value=\"\"><button type=\"submit\" name=\"wpforms[submit]\" id=\"wpforms-submit-2589\" class=\"wpforms-submit\" data-alt-text=\"Sending...\" data-submit-text=\"SEND\" aria-live=\"assertive\" value=\"wpforms-submit\">SEND<\/button><img loading=\"lazy\" decoding=\"async\" src=\"https:\/\/2024.hackyeah.pl\/wp-content\/plugins\/wpforms\/assets\/images\/submit-spin.svg\" class=\"wpforms-submit-spinner\" style=\"display: none;\" width=\"26\" height=\"26\" alt=\"Wczytywanie\"><\/div><\/form><\/div>  <!-- .wpforms-container -->\r\n\t\r\n<\/div>\r\n<\/div>\r\n<\/div>\r\n<\/div>\r\n<\/div>\t","protected":false},"excerpt":{"rendered":"<p>ZOSTA\u0143 PRELEGENTEM ZOSTA\u0143 PRELEGENTEM Jako prelegent na HackYeah masz niepowtarzaln\u0105 okazj\u0119, by zainspirowa\u0107 i edukowa\u0107 uczestnik\u00f3w, dzieli\u0107 si\u0119 swoj\u0105 wiedz\u0105 i nap\u0119dza\u0107 innowacje w bran\u017cy technologicznej. Co wi\u0119cej, b\u0119dziesz m\u00f3g\u0142 nawi\u0105za\u0107 kontakt z najwybitniejszymi umys\u0142ami w tej dziedzinie, podzieli\u0107 si\u0119 swoimi do\u015bwiadczeniami i wsp\u00f3lnie kszta\u0142towa\u0107 przysz\u0142o\u015b\u0107 technologii. HackYeah to r\u00f3wnie\u017c ogromna dawka wiedzy! Niezale\u017cnie od&hellip; <br \/> <a class=\"read-more\" href=\"https:\/\/2024.hackyeah.pl\/pl\/zostan-prelegentem\/\">Read more<\/a><\/p>\n","protected":false},"author":10,"featured_media":0,"parent":0,"menu_order":0,"comment_status":"closed","ping_status":"closed","template":"pro\/page-templates\/full-width-homepage-header.php","meta":{"ngg_post_thumbnail":0,"footnotes":""},"class_list":["post-2275","page","type-page","status-publish","hentry"],"_links":{"self":[{"href":"https:\/\/2024.hackyeah.pl\/pl\/wp-json\/wp\/v2\/pages\/2275","targetHints":{"allow":["GET"]}}],"collection":[{"href":"https:\/\/2024.hackyeah.pl\/pl\/wp-json\/wp\/v2\/pages"}],"about":[{"href":"https:\/\/2024.hackyeah.pl\/pl\/wp-json\/wp\/v2\/types\/page"}],"author":[{"embeddable":true,"href":"https:\/\/2024.hackyeah.pl\/pl\/wp-json\/wp\/v2\/users\/10"}],"replies":[{"embeddable":true,"href":"https:\/\/2024.hackyeah.pl\/pl\/wp-json\/wp\/v2\/comments?post=2275"}],"version-history":[{"count":8,"href":"https:\/\/2024.hackyeah.pl\/pl\/wp-json\/wp\/v2\/pages\/2275\/revisions"}],"predecessor-version":[{"id":2877,"href":"https:\/\/2024.hackyeah.pl\/pl\/wp-json\/wp\/v2\/pages\/2275\/revisions\/2877"}],"wp:attachment":[{"href":"https:\/\/2024.hackyeah.pl\/pl\/wp-json\/wp\/v2\/media?parent=2275"}],"curies":[{"name":"wp","href":"https:\/\/api.w.org\/{rel}","templated":true}]}}